{"id":24,"date":"2026-01-16T15:33:07","date_gmt":"2026-01-16T15:33:07","guid":{"rendered":"https:\/\/luxusbaudev.hu\/?page_id=24"},"modified":"2026-01-25T14:54:23","modified_gmt":"2026-01-25T14:54:23","slug":"rolunk","status":"publish","type":"page","link":"https:\/\/luxusbaudev.hu\/en\/rolunk\/","title":{"rendered":"About us"},"content":{"rendered":"<div data-elementor-type=\"wp-page\" data-elementor-id=\"24\" class=\"elementor elementor-24\" data-elementor-post-type=\"page\">\n\t\t\t\t<div class=\"elementor-element elementor-element-346c1ec e-flex e-con-boxed e-con e-parent\" data-id=\"346c1ec\" data-element_type=\"container\">\n\t\t\t\t\t<div class=\"e-con-inner\">\n\t\t<div class=\"elementor-element elementor-element-2c43290 e-con-full e-flex e-con e-child\" data-id=\"2c43290\" data-element_type=\"container\">\n\t\t\t\t<div class=\"elementor-element elementor-element-9be0376 elementor-widget elementor-widget-heading\" data-id=\"9be0376\" data-element_type=\"widget\" data-widget_type=\"heading.default\">\n\t\t\t\t\t<h2 class=\"elementor-heading-title elementor-size-default\">About us<\/h2>\t\t\t\t<\/div>\n\t\t\t\t<div class=\"elementor-element elementor-element-4bda7b9 elementor-icon-list--layout-inline elementor-list-item-link-full_width elementor-widget elementor-widget-icon-list\" data-id=\"4bda7b9\" data-element_type=\"widget\" data-widget_type=\"icon-list.default\">\n\t\t\t\t\t\t\t<ul class=\"elementor-icon-list-items elementor-inline-items\">\n\t\t\t\t\t\t\t<li class=\"elementor-icon-list-item elementor-inline-item\">\n\t\t\t\t\t\t\t\t\t\t\t<span class=\"elementor-icon-list-icon\">\n\t\t\t\t\t\t\t<svg aria-hidden=\"true\" class=\"e-font-icon-svg e-fas-check\" viewbox=\"0 0 512 512\" xmlns=\"http:\/\/www.w3.org\/2000\/svg\"><path d=\"M173.898 439.404l-166.4-166.4c-9.997-9.997-9.997-26.206 0-36.204l36.203-36.204c9.997-9.998 26.207-9.998 36.204 0L192 312.69 432.095 72.596c9.997-9.997 26.207-9.997 36.204 0l36.203 36.204c9.997 9.997 9.997 26.206 0 36.204l-294.4 294.401c-9.998 9.997-26.207 9.997-36.204-.001z\"><\/path><\/svg>\t\t\t\t\t\t<\/span>\n\t\t\t\t\t\t\t\t\t\t<span class=\"elementor-icon-list-text\">Founded: 1990<\/span>\n\t\t\t\t\t\t\t\t\t<\/li>\n\t\t\t\t\t\t\t\t<li class=\"elementor-icon-list-item elementor-inline-item\">\n\t\t\t\t\t\t\t\t\t\t\t<span class=\"elementor-icon-list-icon\">\n\t\t\t\t\t\t\t<svg aria-hidden=\"true\" class=\"e-font-icon-svg e-fas-check\" viewbox=\"0 0 512 512\" xmlns=\"http:\/\/www.w3.org\/2000\/svg\"><path d=\"M173.898 439.404l-166.4-166.4c-9.997-9.997-9.997-26.206 0-36.204l36.203-36.204c9.997-9.998 26.207-9.998 36.204 0L192 312.69 432.095 72.596c9.997-9.997 26.207-9.997 36.204 0l36.203 36.204c9.997 9.997 9.997 26.206 0 36.204l-294.4 294.401c-9.998 9.997-26.207 9.997-36.204-.001z\"><\/path><\/svg>\t\t\t\t\t\t<\/span>\n\t\t\t\t\t\t\t\t\t\t<span class=\"elementor-icon-list-text\">Buda\u2019s green areas<\/span>\n\t\t\t\t\t\t\t\t\t<\/li>\n\t\t\t\t\t\t\t\t<li class=\"elementor-icon-list-item elementor-inline-item\">\n\t\t\t\t\t\t\t\t\t\t\t<span class=\"elementor-icon-list-icon\">\n\t\t\t\t\t\t\t<svg aria-hidden=\"true\" class=\"e-font-icon-svg e-fas-check\" viewbox=\"0 0 512 512\" xmlns=\"http:\/\/www.w3.org\/2000\/svg\"><path d=\"M173.898 439.404l-166.4-166.4c-9.997-9.997-9.997-26.206 0-36.204l36.203-36.204c9.997-9.998 26.207-9.998 36.204 0L192 312.69 432.095 72.596c9.997-9.997 26.207-9.997 36.204 0l36.203 36.204c9.997 9.997 9.997 26.206 0 36.204l-294.4 294.401c-9.998 9.997-26.207 9.997-36.204-.001z\"><\/path><\/svg>\t\t\t\t\t\t<\/span>\n\t\t\t\t\t\t\t\t\t\t<span class=\"elementor-icon-list-text\">In-house maintenance team<\/span>\n\t\t\t\t\t\t\t\t\t<\/li>\n\t\t\t\t\t\t<\/ul>\n\t\t\t\t\t\t<\/div>\n\t\t\t\t<div class=\"elementor-element elementor-element-515b24b elementor-widget elementor-widget-text-editor\" data-id=\"515b24b\" data-element_type=\"widget\" data-widget_type=\"text-editor.default\">\n\t\t\t\t\t\t\t\t\t<p class=\"text-base text-muted\">Luxusbau Ltd. was founded in 1990, and since then we have built on our experience in the leasing and operation of high-quality residential buildings and apartments. Our core business is the long-term leasing and premium-level operation of top-category properties located in Budapest\u2019s prime green residential areas.<\/p><p class=\"text-base text-muted\">Our tenants primarily include senior executives of international companies and diplomats, for whom security, comfort, and premium services are of paramount importance. Our company provides a reliable operational background and an in-house maintenance team that continuously ensures smooth and worry-free living for our clients. This guarantees that tenants always enjoy the highest level of service and experience maximum comfort and security in their daily lives.<\/p><p class=\"text-base text-muted\">The internal technical solutions of our properties and the meticulous attention to detail reflect our commitment to quality. In addition to aesthetic design and a premium environment, ensuring long-term, cost-efficient operation is also a key objective, allowing us to fully meet our clients\u2019 needs in every respect.<\/p>\t\t\t\t\t\t\t\t<\/div>\n\t\t\t\t<\/div>\n\t\t\t\t\t<\/div>\n\t\t\t\t<\/div>\n\t\t\t\t<\/div>","protected":false},"excerpt":{"rendered":"<p>R\u00f3lunk Alap\u00edtva: 1990 Buda z\u00f6ld\u00f6vezetei Saj\u00e1t karbantart\u00f3 csapat A Luxusbau Kft. 1990-ben alakult, \u00e9s az\u00f3ta is a magas sz\u00ednvonal\u00fa lak\u00f3\u00e9p\u00fcletek \u00e9s lak\u00e1sok b\u00e9rbead\u00e1s\u00e1ban \u00e9s \u00fczemeltet\u00e9s\u00e9ben szerzett tapasztalatainkra \u00e9p\u00edt\u00fcnk. F\u0151 profilunk Budapest kiemelt z\u00f6ld\u00f6vezeti ter\u00fcletein tal\u00e1lhat\u00f3, pr\u00e9mium kateg\u00f3ri\u00e1j\u00fa ingatlanok hossz\u00fa t\u00e1v\u00fa b\u00e9rbead\u00e1sa \u00e9s magas sz\u00ednvonal\u00fa \u00fczemeltet\u00e9se. B\u00e9rl\u0151ink k\u00f6z\u00f6tt els\u0151sorban nemzetk\u00f6zi v\u00e1llalatok fels\u0151vezet\u0151i \u00e9s diplomat\u00e1k tal\u00e1lhat\u00f3k, akik [&hellip;]<\/p>","protected":false},"author":2,"featured_media":0,"parent":0,"menu_order":0,"comment_status":"closed","ping_status":"closed","template":"elementor_header_footer","meta":{"footnotes":""},"class_list":["post-24","page","type-page","status-publish","hentry"],"_links":{"self":[{"href":"https:\/\/luxusbaudev.hu\/en\/wp-json\/wp\/v2\/pages\/24","targetHints":{"allow":["GET"]}}],"collection":[{"href":"https:\/\/luxusbaudev.hu\/en\/wp-json\/wp\/v2\/pages"}],"about":[{"href":"https:\/\/luxusbaudev.hu\/en\/wp-json\/wp\/v2\/types\/page"}],"author":[{"embeddable":true,"href":"https:\/\/luxusbaudev.hu\/en\/wp-json\/wp\/v2\/users\/2"}],"replies":[{"embeddable":true,"href":"https:\/\/luxusbaudev.hu\/en\/wp-json\/wp\/v2\/comments?post=24"}],"version-history":[{"count":25,"href":"https:\/\/luxusbaudev.hu\/en\/wp-json\/wp\/v2\/pages\/24\/revisions"}],"predecessor-version":[{"id":1033,"href":"https:\/\/luxusbaudev.hu\/en\/wp-json\/wp\/v2\/pages\/24\/revisions\/1033"}],"wp:attachment":[{"href":"https:\/\/luxusbaudev.hu\/en\/wp-json\/wp\/v2\/media?parent=24"}],"curies":[{"name":"wp","href":"https:\/\/api.w.org\/{rel}","templated":true}]}}